{"id":9,"date":"2021-04-19T13:35:20","date_gmt":"2021-04-19T13:35:20","guid":{"rendered":"https:\/\/kalendarze-z-zegarem.pl\/?page_id=9"},"modified":"2021-04-30T11:28:22","modified_gmt":"2021-04-30T09:28:22","slug":"o-nas","status":"publish","type":"page","link":"https:\/\/kalendarze-z-zegarem.pl\/index.php\/o-nas\/","title":{"rendered":"O nas"},"content":{"rendered":"\n<p>Dzie\u0144 dobry!<\/p>\n\n\n\n<p>Jeste\u015bmy firm\u0105, kt\u00f3ra spe\u0142ni Pa\u0144stwa oczekiwania w zakresie druku. Nasze 30-to letnie do\u015bwiadczenie i bardzo du\u017ca ilo\u015b\u0107 sta\u0142ych klient\u00f3w dowodzi, \u017ce mo\u017cna nam zaufa\u0107 na ka\u017cdym etapie zam\u00f3wienia. Drukujemy na wszelkiego rodzaju papierach offsetowych, ozdobnych i przede wszystkim ekologicznych. Dysponujemy co roku szerok\u0105 gam\u0105 kalendarzy dostosowanych pod nadruk oraz drukujemy indywidualne kalendarze. Mamy kilku grafik\u00f3w wspaniale wsp\u00f3\u0142pracuj\u0105cych z naszymi klientami. Odleg\u0142o\u015b\u0107 nie sprawia \u017cadnej przeszkody, poniewa\u017c wsp\u00f3\u0142pracujemy z firmami krajowymi jak i zagranicznymi. Szeroka oferta naszych standardowych prac znajduje si\u0119 na stronie www.notaprress.pl wraz z kalkulatorem do wyceny. <\/p>\n","protected":false},"excerpt":{"rendered":"<p>Dzie\u0144 dobry! Jeste\u015bmy firm\u0105, kt\u00f3ra spe\u0142ni Pa\u0144stwa oczekiwania w zakresie druku. Nasze 30-to letnie do\u015bwiadczenie i bardzo du\u017ca ilo\u015b\u0107 sta\u0142ych klient\u00f3w dowodzi, \u017ce mo\u017cna nam zaufa\u0107 na ka\u017cdym etapie zam\u00f3wienia. Drukujemy na wszelkiego rodzaju papierach offsetowych, ozdobnych i przede wszystkim ekologicznych. Dysponujemy co roku szerok\u0105 gam\u0105 kalendarzy dostosowanych pod nadruk oraz drukujemy indywidualne kalendarze. Mamy &hellip; <\/p>\n<p class=\"link-more\"><a href=\"https:\/\/kalendarze-z-zegarem.pl\/index.php\/o-nas\/\" class=\"more-link\">Czytaj dalej<span class=\"screen-reader-text\"> \u201eO nas\u201d<\/span><\/a><\/p>\n","protected":false},"author":1,"featured_media":0,"parent":0,"menu_order":0,"comment_status":"closed","ping_status":"closed","template":"","meta":{"footnotes":""},"class_list":["post-9","page","type-page","status-publish","hentry"],"yoast_head":"<!-- This site is optimized with the Yoast SEO plugin v27.3 - https:\/\/yoast.com\/product\/yoast-seo-wordpress\/ -->\n<title>O nas - Kalendarze z zegarem<\/title>\n<meta name=\"robots\" content=\"index, follow, max-snippet:-1, max-image-preview:large, max-video-preview:-1\" \/>\n<link rel=\"canonical\" href=\"https:\/\/kalendarze-z-zegarem.pl\/index.php\/o-nas\/\" \/>\n<meta property=\"og:locale\" content=\"pl_PL\" \/>\n<meta property=\"og:type\" content=\"article\" \/>\n<meta property=\"og:title\" content=\"O nas - Kalendarze z zegarem\" \/>\n<meta property=\"og:description\" content=\"Dzie\u0144 dobry! Jeste\u015bmy firm\u0105, kt\u00f3ra spe\u0142ni Pa\u0144stwa oczekiwania w zakresie druku. Nasze 30-to letnie do\u015bwiadczenie i bardzo du\u017ca ilo\u015b\u0107 sta\u0142ych klient\u00f3w dowodzi, \u017ce mo\u017cna nam zaufa\u0107 na ka\u017cdym etapie zam\u00f3wienia. Drukujemy na wszelkiego rodzaju papierach offsetowych, ozdobnych i przede wszystkim ekologicznych. Dysponujemy co roku szerok\u0105 gam\u0105 kalendarzy dostosowanych pod nadruk oraz drukujemy indywidualne kalendarze. Mamy &hellip; Czytaj dalej \u201eO nas\u201d\" \/>\n<meta property=\"og:url\" content=\"https:\/\/kalendarze-z-zegarem.pl\/index.php\/o-nas\/\" \/>\n<meta property=\"og:site_name\" content=\"Kalendarze z zegarem\" \/>\n<meta property=\"article:modified_time\" content=\"2021-04-30T09:28:22+00:00\" \/>\n<meta name=\"twitter:card\" content=\"summary_large_image\" \/>\n<meta name=\"twitter:label1\" content=\"Szacowany czas czytania\" \/>\n\t<meta name=\"twitter:data1\" content=\"1 minuta\" \/>\n<script type=\"application\/ld+json\" class=\"yoast-schema-graph\">{\"@context\":\"https:\\\/\\\/schema.org\",\"@graph\":[{\"@type\":\"WebPage\",\"@id\":\"https:\\\/\\\/kalendarze-z-zegarem.pl\\\/index.php\\\/o-nas\\\/\",\"url\":\"https:\\\/\\\/kalendarze-z-zegarem.pl\\\/index.php\\\/o-nas\\\/\",\"name\":\"O nas - Kalendarze z zegarem\",\"isPartOf\":{\"@id\":\"https:\\\/\\\/kalendarze-z-zegarem.pl\\\/#website\"},\"datePublished\":\"2021-04-19T13:35:20+00:00\",\"dateModified\":\"2021-04-30T09:28:22+00:00\",\"breadcrumb\":{\"@id\":\"https:\\\/\\\/kalendarze-z-zegarem.pl\\\/index.php\\\/o-nas\\\/#breadcrumb\"},\"inLanguage\":\"pl-PL\",\"potentialAction\":[{\"@type\":\"ReadAction\",\"target\":[\"https:\\\/\\\/kalendarze-z-zegarem.pl\\\/index.php\\\/o-nas\\\/\"]}]},{\"@type\":\"BreadcrumbList\",\"@id\":\"https:\\\/\\\/kalendarze-z-zegarem.pl\\\/index.php\\\/o-nas\\\/#breadcrumb\",\"itemListElement\":[{\"@type\":\"ListItem\",\"position\":1,\"name\":\"Strona g\u0142\u00f3wna\",\"item\":\"https:\\\/\\\/kalendarze-z-zegarem.pl\\\/\"},{\"@type\":\"ListItem\",\"position\":2,\"name\":\"O nas\"}]},{\"@type\":\"WebSite\",\"@id\":\"https:\\\/\\\/kalendarze-z-zegarem.pl\\\/#website\",\"url\":\"https:\\\/\\\/kalendarze-z-zegarem.pl\\\/\",\"name\":\"Kalendarze z zegarem\",\"description\":\"To jedna z najlepszych form reklamy Twojego biznesu - zobacz dlaczego\",\"publisher\":{\"@id\":\"https:\\\/\\\/kalendarze-z-zegarem.pl\\\/#organization\"},\"potentialAction\":[{\"@type\":\"SearchAction\",\"target\":{\"@type\":\"EntryPoint\",\"urlTemplate\":\"https:\\\/\\\/kalendarze-z-zegarem.pl\\\/?s={search_term_string}\"},\"query-input\":{\"@type\":\"PropertyValueSpecification\",\"valueRequired\":true,\"valueName\":\"search_term_string\"}}],\"inLanguage\":\"pl-PL\"},{\"@type\":\"Organization\",\"@id\":\"https:\\\/\\\/kalendarze-z-zegarem.pl\\\/#organization\",\"name\":\"Kalendarze z zegarem\",\"url\":\"https:\\\/\\\/kalendarze-z-zegarem.pl\\\/\",\"logo\":{\"@type\":\"ImageObject\",\"inLanguage\":\"pl-PL\",\"@id\":\"https:\\\/\\\/kalendarze-z-zegarem.pl\\\/#\\\/schema\\\/logo\\\/image\\\/\",\"url\":\"https:\\\/\\\/kalendarze-z-zegarem.pl\\\/wp-content\\\/uploads\\\/2021\\\/04\\\/cropped-cropped-NotaPressKwadrat.png\",\"contentUrl\":\"https:\\\/\\\/kalendarze-z-zegarem.pl\\\/wp-content\\\/uploads\\\/2021\\\/04\\\/cropped-cropped-NotaPressKwadrat.png\",\"width\":250,\"height\":250,\"caption\":\"Kalendarze z zegarem\"},\"image\":{\"@id\":\"https:\\\/\\\/kalendarze-z-zegarem.pl\\\/#\\\/schema\\\/logo\\\/image\\\/\"}}]}<\/script>\n<!-- \/ Yoast SEO plugin. -->","yoast_head_json":{"title":"O nas - Kalendarze z zegarem","robots":{"index":"index","follow":"follow","max-snippet":"max-snippet:-1","max-image-preview":"max-image-preview:large","max-video-preview":"max-video-preview:-1"},"canonical":"https:\/\/kalendarze-z-zegarem.pl\/index.php\/o-nas\/","og_locale":"pl_PL","og_type":"article","og_title":"O nas - Kalendarze z zegarem","og_description":"Dzie\u0144 dobry! Jeste\u015bmy firm\u0105, kt\u00f3ra spe\u0142ni Pa\u0144stwa oczekiwania w zakresie druku. Nasze 30-to letnie do\u015bwiadczenie i bardzo du\u017ca ilo\u015b\u0107 sta\u0142ych klient\u00f3w dowodzi, \u017ce mo\u017cna nam zaufa\u0107 na ka\u017cdym etapie zam\u00f3wienia. Drukujemy na wszelkiego rodzaju papierach offsetowych, ozdobnych i przede wszystkim ekologicznych. Dysponujemy co roku szerok\u0105 gam\u0105 kalendarzy dostosowanych pod nadruk oraz drukujemy indywidualne kalendarze. Mamy &hellip; Czytaj dalej \u201eO nas\u201d","og_url":"https:\/\/kalendarze-z-zegarem.pl\/index.php\/o-nas\/","og_site_name":"Kalendarze z zegarem","article_modified_time":"2021-04-30T09:28:22+00:00","twitter_card":"summary_large_image","twitter_misc":{"Szacowany czas czytania":"1 minuta"},"schema":{"@context":"https:\/\/schema.org","@graph":[{"@type":"WebPage","@id":"https:\/\/kalendarze-z-zegarem.pl\/index.php\/o-nas\/","url":"https:\/\/kalendarze-z-zegarem.pl\/index.php\/o-nas\/","name":"O nas - Kalendarze z zegarem","isPartOf":{"@id":"https:\/\/kalendarze-z-zegarem.pl\/#website"},"datePublished":"2021-04-19T13:35:20+00:00","dateModified":"2021-04-30T09:28:22+00:00","breadcrumb":{"@id":"https:\/\/kalendarze-z-zegarem.pl\/index.php\/o-nas\/#breadcrumb"},"inLanguage":"pl-PL","potentialAction":[{"@type":"ReadAction","target":["https:\/\/kalendarze-z-zegarem.pl\/index.php\/o-nas\/"]}]},{"@type":"BreadcrumbList","@id":"https:\/\/kalendarze-z-zegarem.pl\/index.php\/o-nas\/#breadcrumb","itemListElement":[{"@type":"ListItem","position":1,"name":"Strona g\u0142\u00f3wna","item":"https:\/\/kalendarze-z-zegarem.pl\/"},{"@type":"ListItem","position":2,"name":"O nas"}]},{"@type":"WebSite","@id":"https:\/\/kalendarze-z-zegarem.pl\/#website","url":"https:\/\/kalendarze-z-zegarem.pl\/","name":"Kalendarze z zegarem","description":"To jedna z najlepszych form reklamy Twojego biznesu - zobacz dlaczego","publisher":{"@id":"https:\/\/kalendarze-z-zegarem.pl\/#organization"},"potentialAction":[{"@type":"SearchAction","target":{"@type":"EntryPoint","urlTemplate":"https:\/\/kalendarze-z-zegarem.pl\/?s={search_term_string}"},"query-input":{"@type":"PropertyValueSpecification","valueRequired":true,"valueName":"search_term_string"}}],"inLanguage":"pl-PL"},{"@type":"Organization","@id":"https:\/\/kalendarze-z-zegarem.pl\/#organization","name":"Kalendarze z zegarem","url":"https:\/\/kalendarze-z-zegarem.pl\/","logo":{"@type":"ImageObject","inLanguage":"pl-PL","@id":"https:\/\/kalendarze-z-zegarem.pl\/#\/schema\/logo\/image\/","url":"https:\/\/kalendarze-z-zegarem.pl\/wp-content\/uploads\/2021\/04\/cropped-cropped-NotaPressKwadrat.png","contentUrl":"https:\/\/kalendarze-z-zegarem.pl\/wp-content\/uploads\/2021\/04\/cropped-cropped-NotaPressKwadrat.png","width":250,"height":250,"caption":"Kalendarze z zegarem"},"image":{"@id":"https:\/\/kalendarze-z-zegarem.pl\/#\/schema\/logo\/image\/"}}]}},"jetpack_sharing_enabled":true,"_links":{"self":[{"href":"https:\/\/kalendarze-z-zegarem.pl\/index.php\/wp-json\/wp\/v2\/pages\/9","targetHints":{"allow":["GET"]}}],"collection":[{"href":"https:\/\/kalendarze-z-zegarem.pl\/index.php\/wp-json\/wp\/v2\/pages"}],"about":[{"href":"https:\/\/kalendarze-z-zegarem.pl\/index.php\/wp-json\/wp\/v2\/types\/page"}],"author":[{"embeddable":true,"href":"https:\/\/kalendarze-z-zegarem.pl\/index.php\/wp-json\/wp\/v2\/users\/1"}],"replies":[{"embeddable":true,"href":"https:\/\/kalendarze-z-zegarem.pl\/index.php\/wp-json\/wp\/v2\/comments?post=9"}],"version-history":[{"count":5,"href":"https:\/\/kalendarze-z-zegarem.pl\/index.php\/wp-json\/wp\/v2\/pages\/9\/revisions"}],"predecessor-version":[{"id":105,"href":"https:\/\/kalendarze-z-zegarem.pl\/index.php\/wp-json\/wp\/v2\/pages\/9\/revisions\/105"}],"wp:attachment":[{"href":"https:\/\/kalendarze-z-zegarem.pl\/index.php\/wp-json\/wp\/v2\/media?parent=9"}],"curies":[{"name":"wp","href":"https:\/\/api.w.org\/{rel}","templated":true}]}}